{"id":12,"date":"2016-12-31T14:13:23","date_gmt":"2016-12-31T13:13:23","guid":{"rendered":"http:\/\/patrimoine-industriel-et-moulins.eu\/?page_id=12"},"modified":"2016-12-31T13:08:25","modified_gmt":"2016-12-31T12:08:25","slug":"conseille-aupres-des-administrations","status":"publish","type":"page","link":"http:\/\/patrimoine-industriel-et-moulins.eu\/?page_id=12","title":{"rendered":"Conseil, \u00e9tudes et valorisation"},"content":{"rendered":"<p><strong> Mes conseils s&rsquo;adressent aux administrations, collectivit\u00e9s, ma\u00eetres d\u2019ouvrages, acteurs culturels, patrimoniaux et environnementaux, architectes, sc\u00e9nographes, associations, entreprises ou simples particuliers.<br \/>\n<\/strong><\/p>\n<p style=\"text-align: justify;\"><strong>1<\/strong><img loading=\"lazy\" class=\"alignleft size-medium wp-image-258\" src=\"http:\/\/patrimoine-industriel-et-moulins.eu\/wp-content\/uploads\/2016\/04\/etat_des_lieux_moulin_400-300x201.jpg\" alt=\"etat_des_lieux_moulin_400\" width=\"300\" height=\"201\" srcset=\"http:\/\/patrimoine-industriel-et-moulins.eu\/wp-content\/uploads\/2016\/04\/etat_des_lieux_moulin_400-300x201.jpg 300w, http:\/\/patrimoine-industriel-et-moulins.eu\/wp-content\/uploads\/2016\/04\/etat_des_lieux_moulin_400.jpg 400w\" sizes=\"(max-width: 300px) 100vw, 300px\" \/><strong>&#8211; Diagnostic.<\/strong><br \/>\nLe service que je propose s\u2019applique aux sites isol\u00e9s ou ensembles industriels, usines hydrauliques, moulins, \u00e9tablis sur une ou plusieurs communes, une vall\u00e9e.<br \/>\nJe propose aussi des \u00e9tudes d\u2019opportunit\u00e9 sur la n\u00e9cessit\u00e9 d\u2019un am\u00e9nagement ou d\u2019une restauration de site; des diagnostics pr\u00e9alables \u00e0 la restauration de sites isol\u00e9s ou d\u2019ensemble de sites, et en phase d&rsquo;Avant Projet Sommaire.<\/p>\n<p style=\"text-align: justify;\"><strong><img loading=\"lazy\" class=\"alignleft size-medium wp-image-261\" src=\"http:\/\/patrimoine-industriel-et-moulins.eu\/wp-content\/uploads\/2016\/04\/millau_400-300x216.jpg\" alt=\"millau_400\" width=\"300\" height=\"216\" srcset=\"http:\/\/patrimoine-industriel-et-moulins.eu\/wp-content\/uploads\/2016\/04\/millau_400-300x216.jpg 300w, http:\/\/patrimoine-industriel-et-moulins.eu\/wp-content\/uploads\/2016\/04\/millau_400.jpg 400w\" sizes=\"(max-width: 300px) 100vw, 300px\" \/><\/strong><\/p>\n<p><strong>2-Pr\u00e9conisations de restauration :<\/strong><br \/>\nMon intervention consiste en un \u00e9tat des lieux, une pr\u00e9conisation de travaux, en conseils en valorisation \u00e9conomique et en gestion culturelle du patrimoine industriel.<br \/>\nJ&rsquo;interviens aussi lors de la pr\u00e9conisation de restauration, lors des choix et partis techniques de restauration de moulins, chauss\u00e9es, canaux&#8230;<br \/>\n.<br \/>\n.<\/p>\n<p style=\"text-align: justify;\"><strong><img loading=\"lazy\" class=\"alignleft wp-image-259\" src=\"http:\/\/patrimoine-industriel-et-moulins.eu\/wp-content\/uploads\/2016\/04\/etat_des_lieux_meule_400.jpg\" alt=\"etat_des_lieux_meule_400\" width=\"302\" height=\"263\" srcset=\"http:\/\/patrimoine-industriel-et-moulins.eu\/wp-content\/uploads\/2016\/04\/etat_des_lieux_meule_400.jpg 400w, http:\/\/patrimoine-industriel-et-moulins.eu\/wp-content\/uploads\/2016\/04\/etat_des_lieux_meule_400-300x262.jpg 300w\" sizes=\"(max-width: 302px) 100vw, 302px\" \/><\/strong><strong>3- Inventaires.<\/strong><br \/>\nJe ne prends en compte que les inventaires de b\u00e2timents, leurs fonctionnalit\u00e9, les machines, les processus de fabrication et les circuits \u00e9conomique, etc. La technique de travail repose sur les m\u00e9thodes de l\u2019inventaire g\u00e9n\u00e9ral du patrimoine.<\/p>\n<p style=\"text-align: justify;\">.<\/p>\n<p style=\"text-align: justify;\">.<\/p>\n<p style=\"text-align: justify;\">.<\/p>\n<p style=\"text-align: justify;\"><strong><img loading=\"lazy\" class=\"size-full wp-image-450 alignleft\" src=\"http:\/\/patrimoine-industriel-et-moulins.eu\/wp-content\/uploads\/2016\/04\/Moulins_a_chocolat.jpg\" alt=\"moulins_a_chocolat\" width=\"300\" height=\"384\" srcset=\"http:\/\/patrimoine-industriel-et-moulins.eu\/wp-content\/uploads\/2016\/04\/Moulins_a_chocolat.jpg 300w, http:\/\/patrimoine-industriel-et-moulins.eu\/wp-content\/uploads\/2016\/04\/Moulins_a_chocolat-234x300.jpg 234w\" sizes=\"(max-width: 300px) 100vw, 300px\" \/><\/strong><\/p>\n<p style=\"text-align: justify;\"><strong>4- M\u00e9moire d&rsquo;entreprise<\/strong><br \/>\nJe proc\u00e8de \u00e0 des recherches permettant la pr\u00e9sentation de l\u2019\u00e9volution technique, architecturale, \u00e9conomique, spatiale, sociale, de l\u2019entreprise.<br \/>\nJe r\u00e9dige des livres et des sc\u00e9nari, sur un ou plusieurs th\u00e8mes, ou sur un territoire donn\u00e9. Je travaille sur la m\u00e9moire des entreprises par le r\u00e9colement de la m\u00e9moire immat\u00e9rielle; m\u00e9moire orale, t\u00e9moignage de vie et de savoir-faire.<\/p>\n<p style=\"text-align: justify;\"><strong>\u00a0<\/strong><\/p>\n","protected":false},"excerpt":{"rendered":"<p>Mes conseils s&rsquo;adressent aux administrations, collectivit\u00e9s, ma\u00eetres d\u2019ouvrages, acteurs culturels, patrimoniaux et environnementaux, architectes, sc\u00e9nographes, associations, entreprises ou simples particuliers. 1&#8211; Diagnostic. Le service que je propose s\u2019applique aux sites isol\u00e9s ou ensembles industriels, usines hydrauliques, moulins, \u00e9tablis sur une ou plusieurs communes, une vall\u00e9e. Je propose aussi des \u00e9tudes d\u2019opportunit\u00e9 sur la n\u00e9cessit\u00e9 d\u2019un [&hellip;]<\/p>\n","protected":false},"author":1,"featured_media":0,"parent":0,"menu_order":0,"comment_status":"closed","ping_status":"closed","template":"","meta":[],"_links":{"self":[{"href":"http:\/\/patrimoine-industriel-et-moulins.eu\/index.php?rest_route=\/wp\/v2\/pages\/12"}],"collection":[{"href":"http:\/\/patrimoine-industriel-et-moulins.eu\/index.php?rest_route=\/wp\/v2\/pages"}],"about":[{"href":"http:\/\/patrimoine-industriel-et-moulins.eu\/index.php?rest_route=\/wp\/v2\/types\/page"}],"author":[{"embeddable":true,"href":"http:\/\/patrimoine-industriel-et-moulins.eu\/index.php?rest_route=\/wp\/v2\/users\/1"}],"replies":[{"embeddable":true,"href":"http:\/\/patrimoine-industriel-et-moulins.eu\/index.php?rest_route=%2Fwp%2Fv2%2Fcomments&post=12"}],"version-history":[{"count":27,"href":"http:\/\/patrimoine-industriel-et-moulins.eu\/index.php?rest_route=\/wp\/v2\/pages\/12\/revisions"}],"predecessor-version":[{"id":664,"href":"http:\/\/patrimoine-industriel-et-moulins.eu\/index.php?rest_route=\/wp\/v2\/pages\/12\/revisions\/664"}],"wp:attachment":[{"href":"http:\/\/patrimoine-industriel-et-moulins.eu\/index.php?rest_route=%2Fwp%2Fv2%2Fmedia&parent=12"}],"curies":[{"name":"wp","href":"https:\/\/api.w.org\/{rel}","templated":true}]}}