{"id":137,"date":"2016-05-01T18:52:38","date_gmt":"2016-05-01T16:52:38","guid":{"rendered":"http:\/\/patrimoine-industriel-et-moulins.eu\/?page_id=137"},"modified":"2016-12-20T16:05:55","modified_gmt":"2016-12-20T15:05:55","slug":"references-2","status":"publish","type":"page","link":"http:\/\/patrimoine-industriel-et-moulins.eu\/?page_id=137","title":{"rendered":"R\u00e9f\u00e9rences"},"content":{"rendered":"<h2 style=\"text-align: justify;\"><img loading=\"lazy\" class=\"alignleft size-full wp-image-637\" src=\"http:\/\/patrimoine-industriel-et-moulins.eu\/wp-content\/uploads\/2016\/05\/Grattegals_350.jpg\" alt=\"grattegals_350\" width=\"350\" height=\"233\" srcset=\"http:\/\/patrimoine-industriel-et-moulins.eu\/wp-content\/uploads\/2016\/05\/Grattegals_350.jpg 350w, http:\/\/patrimoine-industriel-et-moulins.eu\/wp-content\/uploads\/2016\/05\/Grattegals_350-300x200.jpg 300w\" sizes=\"(max-width: 350px) 100vw, 350px\" \/><\/h2>\n<h2 style=\"text-align: justify;\"><strong><u>1- Diagnostic<\/u><\/strong><\/h2>\n<ul style=\"text-align: justify;\">\n<li><strong>Millau (Aveyron). <\/strong>Diagnostic et avant projet sommaire sur le m\u00e9canisme et le moulin du Pont-Vieux.<\/li>\n<li><strong>Brommat (Aveyron). <\/strong><strong>Le moulin de Bur\u00e9e. <\/strong>Etat des lieux du syst\u00e8me hydraulique et des m\u00e9canismes.<\/li>\n<li><strong>Cognin (Savoie). Am\u00e9nagement d\u2019une ancienne filature en \u00ab\u00a0Atelier de l\u2019eau\u00a0\u00bb. <\/strong>Etat des lieux du syst\u00e8me hydraulique.<\/li>\n<li><strong>Durenque (Aveyron). Moulins Haut et Bas. <\/strong>\u00e9tat des lieux du syst\u00e8me hydraulique et des m\u00e9canismes.<\/li>\n<\/ul>\n<h2 style=\"text-align: justify;\"><strong><u>2- Pr\u00e9conisations de restauration<\/u><\/strong><\/h2>\n<ul style=\"text-align: justify;\">\n<li><strong>Brommat (Aveyron). <\/strong><strong>Le moulin de Bur\u00e9e. <\/strong>Conseil pour la valorisation culturelle.<\/li>\n<li><strong>Durenque (Aveyron). Moulins Haut et Bas. <\/strong>Conseil pour la restauration des b\u00e2timents et des m\u00e9canismes<\/li>\n<li><strong>Saint-Jean-du-Bruel (Aveyron). Maison de l\u2019eau, moulin du Pont-Vieux. <\/strong>Conseil pour la restauration des b\u00e2timents et des m\u00e9canismes.<\/li>\n<li><strong>Vissec (Gard). Moulins de la Foux de la vis. <\/strong>Etude d\u2019une m\u00e9canique de moulin. Conception et r\u00e9daction de l\u2019exposition permanente.<\/li>\n<\/ul>\n<h2 style=\"text-align: justify;\"><strong><u>3- Inventaires.<\/u><\/strong><\/h2>\n<ul style=\"text-align: justify;\">\n<li><strong>Saint-Affrique (Aveyron).<br \/>\n<\/strong>Inventaire de 59 usines et moulins<strong>\u00a0; <\/strong>filatures de laine, moulins \u00e0 foulons, moulins \u00e0 grain, minoterie, scierie, moulins \u00e0 aiguiser, moulins \u00e0 pl\u00e2tre, moulins \u00e0 huile, usine \u00e9lectrique, martinet \u00e0 cuivre, atelier de m\u00e9canique, chocolaterie, vermicellerie.<\/li>\n<li><strong>Ecomus\u00e9e de la pierre meuli\u00e8re, Reuil-en-Brie\u00a0 (Seine-et-Marne). <\/strong>Collections Jacques Beauvois. Inventaire sommaire du mobilier et des archives en place.<\/li>\n<li><strong>Moulin de la Fenderie, Commune d\u2019Unieux (Loire). <\/strong>Inventaire pr\u00e9alable du mat\u00e9riel technique en place.<\/li>\n<li><strong>Millau (Aveyron), M\u00e9gisserie-Ganterie Guibert Fr\u00e8res et M\u00e9gisserie Deruy. <\/strong>\u00c9tude d\u2019inventaire. B\u00e2timents et mat\u00e9riels en place.<\/li>\n<li><strong>Inventaire du patrimoine industriel de la Vienne. <\/strong>Arrondissement de Ch\u00e2tellerault. Rep\u00e9rage, archivage et indexation de 68 dossiers. Cr\u00e9ation d&rsquo;une base documentaire sur le patrimoine industriel de la Vienne\u00a0de 5100 fiches.<\/li>\n<\/ul>\n<h2 style=\"text-align: justify;\"><strong><u>4- M\u00e9moire d&rsquo;entreprise<\/u><\/strong><\/h2>\n<h4 style=\"text-align: justify;\"><strong><u>R\u00e9colement de la m\u00e9moire immat\u00e9rielle<\/u><\/strong><\/h4>\n<ul>\n<li style=\"text-align: justify;\"><strong>Millau (Aveyron), M\u00e9gisserie-Ganterie Guibert Fr\u00e8res. <\/strong>Histoire de Guibert fr\u00e8re d\u2019apr\u00e8s la m\u00e9moire de Claude Liron.<\/li>\n<li style=\"text-align: justify;\"><strong>Saint-Affrique (Aveyron).<\/strong> Histoire du moulin de Madame d\u2019apr\u00e8s la m\u00e9moire de Louis Berthez\u00e8ne.<\/li>\n<li style=\"text-align: justify;\"><strong>Les moulins \u00e0 eau en Aveyron. <\/strong>Collecte du vocabulaire technique de la meunerie et des moulins, aupr\u00e8s de 30 meuniers aveyronnais.<\/li>\n<\/ul>\n<h4 style=\"text-align: justify;\"><strong><u>R\u00e9colement de savoir-faire <\/u><\/strong><\/h4>\n<ul style=\"text-align: justify;\">\n<li><strong>Transformation contemporaine de produits agricoles de qualit\u00e9 \u00e0 la meule de pierre.<br \/>\n<\/strong>Farine de froment. Farine de ch\u00e2taigne. Huile de noix. Huile d\u2019olive. Moutarde. Chocolat. Jus de pomme.<\/li>\n<\/ul>\n<p>&nbsp;<\/p>\n<h2 style=\"text-align: center;\">Tarifs me consulter<\/h2>\n<p>&nbsp;<\/p>\n","protected":false},"excerpt":{"rendered":"<p>1- Diagnostic Millau (Aveyron). Diagnostic et avant projet sommaire sur le m\u00e9canisme et le moulin du Pont-Vieux. Brommat (Aveyron). Le moulin de Bur\u00e9e. Etat des lieux du syst\u00e8me hydraulique et des m\u00e9canismes. Cognin (Savoie). Am\u00e9nagement d\u2019une ancienne filature en \u00ab\u00a0Atelier de l\u2019eau\u00a0\u00bb. Etat des lieux du syst\u00e8me hydraulique. Durenque (Aveyron). Moulins Haut et Bas. \u00e9tat [&hellip;]<\/p>\n","protected":false},"author":1,"featured_media":0,"parent":0,"menu_order":0,"comment_status":"closed","ping_status":"closed","template":"","meta":[],"_links":{"self":[{"href":"http:\/\/patrimoine-industriel-et-moulins.eu\/index.php?rest_route=\/wp\/v2\/pages\/137"}],"collection":[{"href":"http:\/\/patrimoine-industriel-et-moulins.eu\/index.php?rest_route=\/wp\/v2\/pages"}],"about":[{"href":"http:\/\/patrimoine-industriel-et-moulins.eu\/index.php?rest_route=\/wp\/v2\/types\/page"}],"author":[{"embeddable":true,"href":"http:\/\/patrimoine-industriel-et-moulins.eu\/index.php?rest_route=\/wp\/v2\/users\/1"}],"replies":[{"embeddable":true,"href":"http:\/\/patrimoine-industriel-et-moulins.eu\/index.php?rest_route=%2Fwp%2Fv2%2Fcomments&post=137"}],"version-history":[{"count":12,"href":"http:\/\/patrimoine-industriel-et-moulins.eu\/index.php?rest_route=\/wp\/v2\/pages\/137\/revisions"}],"predecessor-version":[{"id":638,"href":"http:\/\/patrimoine-industriel-et-moulins.eu\/index.php?rest_route=\/wp\/v2\/pages\/137\/revisions\/638"}],"wp:attachment":[{"href":"http:\/\/patrimoine-industriel-et-moulins.eu\/index.php?rest_route=%2Fwp%2Fv2%2Fmedia&parent=137"}],"curies":[{"name":"wp","href":"https:\/\/api.w.org\/{rel}","templated":true}]}}