{"id":144,"date":"2016-05-21T18:29:00","date_gmt":"2016-05-21T16:29:00","guid":{"rendered":"http:\/\/patrimoine-industriel-et-moulins.eu\/?page_id=144"},"modified":"2016-12-30T20:36:53","modified_gmt":"2016-12-30T19:36:53","slug":"articles-publies","status":"publish","type":"page","link":"http:\/\/patrimoine-industriel-et-moulins.eu\/?page_id=144","title":{"rendered":"Articles publi\u00e9s"},"content":{"rendered":"<p style=\"text-align: justify;\"><img loading=\"lazy\" class=\"alignleft size-full wp-image-634\" src=\"http:\/\/patrimoine-industriel-et-moulins.eu\/wp-content\/uploads\/2016\/05\/Sagebien_350.jpg\" alt=\"sagebien_350\" width=\"350\" height=\"226\" srcset=\"http:\/\/patrimoine-industriel-et-moulins.eu\/wp-content\/uploads\/2016\/05\/Sagebien_350.jpg 350w, http:\/\/patrimoine-industriel-et-moulins.eu\/wp-content\/uploads\/2016\/05\/Sagebien_350-300x194.jpg 300w\" sizes=\"(max-width: 350px) 100vw, 350px\" \/>A ce jour, j&rsquo;ai publi\u00e9 plus de 135 articles dans des revues fran\u00e7aises sp\u00e9cialis\u00e9es et \u00e0 l\u2019issue de colloques nationaux et internationaux. Les sujets abord\u00e9s sont tr\u00e8s divers et refl\u00e8tent l\u2019ouverture transdisciplinaire qui me d\u00e9finit.<\/p>\n<p style=\"text-align: justify;\">Bibliographie compl\u00e8te, des livres de r\u00e9f\u00e9rence et des articles, disponible sur simple demande.<br \/>\n.<\/p>\n<p style=\"text-align: justify;\"><strong><u>Derniers articles publi\u00e9s.<\/u><\/strong><\/p>\n<p style=\"text-align: justify;\"><strong>2017 L&rsquo;invention de la \u00ab\u00a0continuit\u00e9 \u00e9cologique\u00a0\u00bb et la destruction programm\u00e9e des chauss\u00e9es de moulins. <\/strong><em>In, Le monde des moulins, N\u00b059 Janvier 2017.<\/em><strong><br \/>\n<\/strong><\/p>\n<p style=\"text-align: justify;\"><strong>2015- Amp\u00e9lio Censi (1905-1972). M\u00e9canicien-monteur de moulins et minoteries \u00e0 Rodez. \u00ab\u00a0Le pape des moulins rouergats\u00a0\u00bb. <\/strong>In, <em>Le monde des moulins<\/em>, N\u00b054 Octobre 2015, p.20-25.<\/p>\n<p style=\"text-align: justify;\"><strong>2015- Meuniers et meuni\u00e8res du d\u00e9partement des Landes il y a 100 ans. <\/strong>Portfolio et lecture-d\u00e9cryptage de documents. In,\u00a0 <em>Le monde des moulins<\/em>, N\u00b052 Avril 2015, p.22-27.<\/p>\n<p style=\"text-align: justify;\"><strong>2015- Une valorisation originale du bois de ch\u00e2taignier. Les usines \u00e0 tannins de l\u2019Aveyron\u00a0: 1905-1949. <\/strong>in, \u00ab\u00a0<em>Du bois et des hommes<\/em>\u00a0\u00bb, num\u00e9ro th\u00e9matique de la <strong><a href=\"http:\/\/www.cartoclub12.com\/carto12\/spip.php?article8\" target=\"_blank\"><em>Revue du Carto-Club Aveyronnais<\/em> <\/a><\/strong>N\u00b0 59, Janvier 2015,\u00a0 p 46-55.<\/p>\n<p style=\"text-align: justify;\"><strong>2014- Grande Guerre 1914-1918. Les moulins au c\u0153ur des combats et de l\u2019\u00e9conomie.<\/strong>In, <em>Le monde des moulins<\/em>, Num\u00e9ro sp\u00e9cial. N\u00b050 Octobre 2014, p.4-28. Dossier de 24 pages In, <em>Le monde des moulins<\/em>, magazine de la F\u00e9d\u00e9ration Des Moulins de France (FDMF), Num\u00e9ro sp\u00e9cial. N\u00b050 Octobre 2014, p.4-28. Illustr\u00e9 de 67 cartes postales anciennes\u00a0rares. Ouvrage en quadrichromie.<\/p>\n","protected":false},"excerpt":{"rendered":"<p>A ce jour, j&rsquo;ai publi\u00e9 plus de 135 articles dans des revues fran\u00e7aises sp\u00e9cialis\u00e9es et \u00e0 l\u2019issue de colloques nationaux et internationaux. Les sujets abord\u00e9s sont tr\u00e8s divers et refl\u00e8tent l\u2019ouverture transdisciplinaire qui me d\u00e9finit. Bibliographie compl\u00e8te, des livres de r\u00e9f\u00e9rence et des articles, disponible sur simple demande. . Derniers articles publi\u00e9s. 2017 L&rsquo;invention de [&hellip;]<\/p>\n","protected":false},"author":1,"featured_media":0,"parent":0,"menu_order":0,"comment_status":"closed","ping_status":"closed","template":"","meta":[],"_links":{"self":[{"href":"http:\/\/patrimoine-industriel-et-moulins.eu\/index.php?rest_route=\/wp\/v2\/pages\/144"}],"collection":[{"href":"http:\/\/patrimoine-industriel-et-moulins.eu\/index.php?rest_route=\/wp\/v2\/pages"}],"about":[{"href":"http:\/\/patrimoine-industriel-et-moulins.eu\/index.php?rest_route=\/wp\/v2\/types\/page"}],"author":[{"embeddable":true,"href":"http:\/\/patrimoine-industriel-et-moulins.eu\/index.php?rest_route=\/wp\/v2\/users\/1"}],"replies":[{"embeddable":true,"href":"http:\/\/patrimoine-industriel-et-moulins.eu\/index.php?rest_route=%2Fwp%2Fv2%2Fcomments&post=144"}],"version-history":[{"count":15,"href":"http:\/\/patrimoine-industriel-et-moulins.eu\/index.php?rest_route=\/wp\/v2\/pages\/144\/revisions"}],"predecessor-version":[{"id":662,"href":"http:\/\/patrimoine-industriel-et-moulins.eu\/index.php?rest_route=\/wp\/v2\/pages\/144\/revisions\/662"}],"wp:attachment":[{"href":"http:\/\/patrimoine-industriel-et-moulins.eu\/index.php?rest_route=%2Fwp%2Fv2%2Fmedia&parent=144"}],"curies":[{"name":"wp","href":"https:\/\/api.w.org\/{rel}","templated":true}]}}