{"id":16,"date":"2016-04-30T17:52:53","date_gmt":"2016-04-30T15:52:53","guid":{"rendered":"http:\/\/patrimoine-industriel-et-moulins.eu\/?page_id=16"},"modified":"2016-12-30T17:55:49","modified_gmt":"2016-12-30T16:55:49","slug":"expertises","status":"publish","type":"page","link":"https:\/\/patrimoine-industriel-et-moulins.eu\/?page_id=16","title":{"rendered":"EXPERTISES"},"content":{"rendered":"<p><a href=\"http:\/\/patrimoine-industriel-et-moulins.eu\/?page_id=19\"><strong>1 Assistance et maitrise d\u2019ouvrage publique et priv\u00e9<\/strong><\/a><br \/>\n<a href=\"http:\/\/patrimoine-industriel-et-moulins.eu\/?page_id=12\"><strong>2 Conseil, \u00e9tudes et valorisation<\/strong><\/a><br \/>\n<a href=\"http:\/\/patrimoine-industriel-et-moulins.eu\/?page_id=137\"><strong>3 R\u00e9f\u00e9rences<\/strong><\/a><\/p>\n","protected":false},"excerpt":{"rendered":"<p>1 Assistance et maitrise d\u2019ouvrage publique et priv\u00e9 2 Conseil, \u00e9tudes et valorisation 3 R\u00e9f\u00e9rences<\/p>\n","protected":false},"author":1,"featured_media":0,"parent":0,"menu_order":0,"comment_status":"closed","ping_status":"closed","template":"","meta":[],"_links":{"self":[{"href":"https:\/\/patrimoine-industriel-et-moulins.eu\/index.php?rest_route=\/wp\/v2\/pages\/16"}],"collection":[{"href":"https:\/\/patrimoine-industriel-et-moulins.eu\/index.php?rest_route=\/wp\/v2\/pages"}],"about":[{"href":"https:\/\/patrimoine-industriel-et-moulins.eu\/index.php?rest_route=\/wp\/v2\/types\/page"}],"author":[{"embeddable":true,"href":"https:\/\/patrimoine-industriel-et-moulins.eu\/index.php?rest_route=\/wp\/v2\/users\/1"}],"replies":[{"embeddable":true,"href":"https:\/\/patrimoine-industriel-et-moulins.eu\/index.php?rest_route=%2Fwp%2Fv2%2Fcomments&post=16"}],"version-history":[{"count":9,"href":"https:\/\/patrimoine-industriel-et-moulins.eu\/index.php?rest_route=\/wp\/v2\/pages\/16\/revisions"}],"predecessor-version":[{"id":654,"href":"https:\/\/patrimoine-industriel-et-moulins.eu\/index.php?rest_route=\/wp\/v2\/pages\/16\/revisions\/654"}],"wp:attachment":[{"href":"https:\/\/patrimoine-industriel-et-moulins.eu\/index.php?rest_route=%2Fwp%2Fv2%2Fmedia&parent=16"}],"curies":[{"name":"wp","href":"https:\/\/api.w.org\/{rel}","templated":true}]}}