{"id":28,"date":"2016-04-30T17:57:37","date_gmt":"2016-04-30T15:57:37","guid":{"rendered":"http:\/\/patrimoine-industriel-et-moulins.eu\/?page_id=28"},"modified":"2016-12-30T17:56:41","modified_gmt":"2016-12-30T16:56:41","slug":"publications","status":"publish","type":"page","link":"https:\/\/patrimoine-industriel-et-moulins.eu\/?page_id=28","title":{"rendered":"PUBLICATIONS"},"content":{"rendered":"<p class=\"entry-title\"><a href=\"http:\/\/patrimoine-industriel-et-moulins.eu\/?page_id=31\"><strong>1 Ouvrages de r\u00e9f\u00e9rence<\/strong><\/a><br \/>\n<a href=\"http:\/\/patrimoine-industriel-et-moulins.eu\/?page_id=144\"><strong>2 Articles publi\u00e9s<\/strong><\/a><\/p>\n","protected":false},"excerpt":{"rendered":"<p>1 Ouvrages de r\u00e9f\u00e9rence 2 Articles publi\u00e9s<\/p>\n","protected":false},"author":1,"featured_media":0,"parent":0,"menu_order":0,"comment_status":"closed","ping_status":"closed","template":"","meta":[],"_links":{"self":[{"href":"https:\/\/patrimoine-industriel-et-moulins.eu\/index.php?rest_route=\/wp\/v2\/pages\/28"}],"collection":[{"href":"https:\/\/patrimoine-industriel-et-moulins.eu\/index.php?rest_route=\/wp\/v2\/pages"}],"about":[{"href":"https:\/\/patrimoine-industriel-et-moulins.eu\/index.php?rest_route=\/wp\/v2\/types\/page"}],"author":[{"embeddable":true,"href":"https:\/\/patrimoine-industriel-et-moulins.eu\/index.php?rest_route=\/wp\/v2\/users\/1"}],"replies":[{"embeddable":true,"href":"https:\/\/patrimoine-industriel-et-moulins.eu\/index.php?rest_route=%2Fwp%2Fv2%2Fcomments&post=28"}],"version-history":[{"count":6,"href":"https:\/\/patrimoine-industriel-et-moulins.eu\/index.php?rest_route=\/wp\/v2\/pages\/28\/revisions"}],"predecessor-version":[{"id":655,"href":"https:\/\/patrimoine-industriel-et-moulins.eu\/index.php?rest_route=\/wp\/v2\/pages\/28\/revisions\/655"}],"wp:attachment":[{"href":"https:\/\/patrimoine-industriel-et-moulins.eu\/index.php?rest_route=%2Fwp%2Fv2%2Fmedia&parent=28"}],"curies":[{"name":"wp","href":"https:\/\/api.w.org\/{rel}","templated":true}]}}